{"id":3725,"date":"2025-08-01T15:04:45","date_gmt":"2025-08-01T15:04:45","guid":{"rendered":"https:\/\/autovermietung-glarnerland.ch\/?page_id=3725"},"modified":"2025-08-15T22:05:44","modified_gmt":"2025-08-15T22:05:44","slug":"agb","status":"publish","type":"page","link":"https:\/\/autovermietung-glarnerland.ch\/en\/agb\/","title":{"rendered":"AGB"},"content":{"rendered":"<div data-elementor-type=\"wp-page\" data-elementor-id=\"3725\" class=\"elementor elementor-3725\" data-elementor-post-type=\"page\">\n\t\t\t\t<div class=\"elementor-element elementor-element-fa201d9 e-flex e-con-boxed e-con e-parent\" data-id=\"fa201d9\" data-element_type=\"container\" data-e-type=\"container\" data-settings=\"{&quot;background_background&quot;:&quot;classic&quot;}\">\n\t\t\t\t\t<div class=\"e-con-inner\">\n\t\t\t\t<div class=\"elementor-element elementor-element-cd51186 elementor-widget elementor-widget-heading\" data-id=\"cd51186\" data-element_type=\"widget\" data-e-type=\"widget\" data-widget_type=\"heading.default\">\n\t\t\t\t<div class=\"elementor-widget-container\">\n\t\t\t\t\t<h2 class=\"elementor-heading-title elementor-size-default\">AGB<\/h2>\t\t\t\t<\/div>\n\t\t\t\t<\/div>\n\t\t\t\t\t<\/div>\n\t\t\t\t<\/div>\n\t\t<div class=\"elementor-element elementor-element-719c461 e-flex e-con-boxed e-con e-parent\" data-id=\"719c461\" data-element_type=\"container\" data-e-type=\"container\">\n\t\t\t\t\t<div class=\"e-con-inner\">\n\t\t\t\t<div class=\"elementor-element elementor-element-508ce4d elementor-widget elementor-widget-text-editor\" data-id=\"508ce4d\" data-element_type=\"widget\" data-e-type=\"widget\" data-widget_type=\"text-editor.default\">\n\t\t\t\t<div class=\"elementor-widget-container\">\n\t\t\t\t\t\t\t\t\t<p data-start=\"122\" data-end=\"490\"><h3><strong data-start=\"122\" data-end=\"157\">Allgemeine Gesch\u00e4ftsbedingungen<\/strong><\/h3>Die nachstehenden erg\u00e4nzenden Gesch\u00e4ftsbedingungen dienen der klaren Regelung der gegenseitigen Beziehungen zwischen Kunde und der Autovermietung Glarnerland GmbH. Vorbehalten bleiben besondere Vereinbarungen und Usanzen. Zum besseren Verst\u00e4ndnis verzichtet die Autovermietung Glarnerland GmbH auf weiblich-m\u00e4nnliche Doppelformen.<\/p>\n<hr data-start=\"492\" data-end=\"495\">\n<p data-start=\"497\" data-end=\"723\"><strong data-start=\"497\" data-end=\"533\">1. Beginn und Ende des Vertrages<\/strong><br data-start=\"533\" data-end=\"536\">Die Nutzung beginnt und endet per genanntes Datum am Domizil des Vermieters.<br data-start=\"612\" data-end=\"615\">Es wird zwischen der Kurzzeitmiete mit 1-5 Monaten Laufzeit und variabler Miete unterschieden (kurz: Miete).<\/p>\n<ul data-start=\"725\" data-end=\"1249\">\n<li data-start=\"725\" data-end=\"828\">\n<p data-start=\"727\" data-end=\"828\"><strong data-start=\"727\" data-end=\"744\">Kurzzeitmiete<\/strong>: bei dieser ist die Laufzeit vertraglich fixiert und muss nicht gek\u00fcndigt werden.<\/p>\n<\/li>\n<li data-start=\"829\" data-end=\"1011\">\n<p data-start=\"831\" data-end=\"1011\"><strong data-start=\"831\" data-end=\"840\">Miete<\/strong>: bei dieser Miete ist eine Mindestlaufzeit von 6 Monaten vorgesehen und kann anschliessend mit einer Frist von 1 Monat auf das Ende eines jeden Monats gek\u00fcndigt werden.<\/p>\n<\/li>\n<li data-start=\"1012\" data-end=\"1153\">\n<p data-start=\"1014\" data-end=\"1153\">Bei fix vereinbarten Mieten \u00fcber 48 Monaten kann diese erstmals nach 6 Monaten gek\u00fcndigt werden mit Einhaltung einer Frist von 3 Monaten.<\/p>\n<\/li>\n<li data-start=\"1154\" data-end=\"1249\">\n<p data-start=\"1156\" data-end=\"1249\">Ohne K\u00fcndigung endet der Vertrag mit der R\u00fcckgabe des Fahrzeuges per genanntes Ablaufdatum.<\/p>\n<\/li>\n<\/ul>\n<p data-start=\"1251\" data-end=\"1466\"><strong data-start=\"1251\" data-end=\"1278\">Tages- oder Wochenmiete<\/strong>: F\u00fcr besonders kurze Mietzeitr\u00e4ume, wie einzelne Tage oder 1 \u2013 3 Wochen, gelten separate Regelungen, die individuell und m\u00fcndlich oder schriftlich zwischen den Parteien vereinbart werden.<\/p>\n<hr data-start=\"1468\" data-end=\"1471\">\n<p data-start=\"1473\" data-end=\"1845\"><strong data-start=\"1473\" data-end=\"1516\">2. \u00dcbergabe und R\u00fcckgabe des Fahrzeuges<\/strong><br data-start=\"1516\" data-end=\"1519\">Betriebssch\u00e4den, die w\u00e4hrend der Mietzeit entstanden sind, werden auf Kosten des Mieters behoben.<br data-start=\"1616\" data-end=\"1619\">Das Fahrzeug muss vollgetankt retourniert werden. Bei Uneinigkeiten bei der R\u00fcckgabe wird ein externer Experte beigezogen. Die Kosten daf\u00fcr gehen, wenn das Fahrzeug nicht vertragsgem\u00e4\u00df retourniert wurde, zu Lasten des Mieters.<\/p>\n<hr data-start=\"1847\" data-end=\"1850\">\n<p data-start=\"1852\" data-end=\"2193\"><strong data-start=\"1852\" data-end=\"1883\">3. Benutzung des Fahrzeuges<\/strong><br data-start=\"1883\" data-end=\"1886\">Bei Fahrten mit dem Fahrzeug sind alle rechtlichen Vorschriften einzuhalten.<br data-start=\"1962\" data-end=\"1965\">Das Fahrzeug darf lediglich von Personen mit g\u00fcltigem F\u00fchrerschein gefahren werden. Der Mieter haftet f\u00fcr Drittlenker.<br data-start=\"2083\" data-end=\"2086\">Das Fahrzeug ist sorgf\u00e4ltig zu behandeln. \u00dcberm\u00e4\u00dfige Beanspruchung und Verschmutzung sind zu unterlassen.<\/p>\n<ul data-start=\"2195\" data-end=\"2844\">\n<li data-start=\"2195\" data-end=\"2367\">\n<p data-start=\"2197\" data-end=\"2367\"><strong data-start=\"2197\" data-end=\"2225\">\u00dcberm\u00e4\u00dfige Verschmutzung<\/strong>: Stellt der Vermieter eine \u00fcberm\u00e4\u00dfige Verschmutzung fest, so ist er berechtigt, dem Mieter die Kosten der Reinigung in Rechnung zu stellen.<\/p>\n<\/li>\n<li data-start=\"2368\" data-end=\"2565\">\n<p data-start=\"2370\" data-end=\"2565\"><strong data-start=\"2370\" data-end=\"2398\">\u00dcberm\u00e4\u00dfige Beanspruchung<\/strong>: Stellt der Vermieter eine \u00fcberm\u00e4\u00dfige oder unsachgem\u00e4\u00dfe Beanspruchung des Fahrzeuges fest, so ist er berechtigt, diese auf Kosten des Mieters in Ordnung zu bringen.<\/p>\n<\/li>\n<li data-start=\"2566\" data-end=\"2639\">\n<p data-start=\"2568\" data-end=\"2639\"><strong data-start=\"2568\" data-end=\"2591\">Rauchen im Fahrzeug<\/strong>: Das Rauchen ist im Fahrzeug nicht gestattet.<\/p>\n<\/li>\n<li data-start=\"2640\" data-end=\"2844\">\n<p data-start=\"2642\" data-end=\"2844\"><strong data-start=\"2642\" data-end=\"2665\">Unzul\u00e4ssige Nutzung<\/strong>: Das Fahrzeug darf nicht genutzt werden, um ein anderes Fahrzeug zu ziehen, bei Motorsportveranstaltungen oder im \u00fcberladenen Zustand, usw. (Siehe vollst\u00e4ndige Liste im Vertrag).<\/p>\n<\/li>\n<\/ul>\n<hr data-start=\"2846\" data-end=\"2849\">\n<p data-start=\"2851\" data-end=\"3008\"><strong data-start=\"2851\" data-end=\"2873\">4. Auslandsfahrten<\/strong><br data-start=\"2873\" data-end=\"2876\">Spezielle Versicherungen sind vom Mieter selbst abzuschlie\u00dfen. Auslandsfahrten sind nach Absprache und erstellter Vollmacht m\u00f6glich.<\/p>\n<hr data-start=\"3010\" data-end=\"3013\">\n<p data-start=\"3015\" data-end=\"3059\"><strong data-start=\"3015\" data-end=\"3027\">5. Depot<\/strong><br data-start=\"3027\" data-end=\"3030\">Es ist kein Depot vorgesehen.<\/p>\n<hr data-start=\"3061\" data-end=\"3064\">\n<p data-start=\"3066\" data-end=\"3551\"><strong data-start=\"3066\" data-end=\"3092\">6. Zahlung und Inkasso<\/strong><br data-start=\"3092\" data-end=\"3095\">Die Bezahlung der Miete erfolgt monatlich.<br data-start=\"3137\" data-end=\"3140\">Bezahlt der Mieter die Miete nicht fristgerecht, kann der Vermieter dem Mieter eine Zahlungsfrist von 5 Tagen setzen unter Androhung der K\u00fcndigung bei unben\u00fctztem Ablauf dieser Frist (Geb\u00fchr Fr. 30.-). Bezahlt der Mieter innerhalb dieser Frist nicht, so kann der Vermieter den Mietvertrag fristlos k\u00fcndigen.<br data-start=\"3447\" data-end=\"3450\">Das Inkasso von ausstehenden Zahlungen kann vom Vermieter an ein Inkassounternehmen \u00fcbergeben werden.<\/p>\n<hr data-start=\"3553\" data-end=\"3556\">\n<p data-start=\"3558\" data-end=\"3806\"><strong data-start=\"3558\" data-end=\"3607\">7. Vorgehen bei Nichteinhaltung des Vertrages<\/strong><br data-start=\"3607\" data-end=\"3610\">Der Vermieter beh\u00e4lt sich vor, bei Nichteinhaltung dieses Vertrages durch den Mieter den Vertrag wie folgt vorzeitig zu k\u00fcndigen und dem Mieter entstandene Mehraufwendungen in Rechnung zu stellen:<\/p>\n<ul data-start=\"3808\" data-end=\"4209\">\n<li data-start=\"3808\" data-end=\"4021\">\n<p data-start=\"3810\" data-end=\"4021\">Bei Nichteinhaltung der vereinbarten Zahlungstermine kann der Vermieter dem Mieter eine Zahlungsfrist von 5 Tagen setzen und ihm androhen, dass bei unben\u00fctztem Ablauf der Frist das Mietverh\u00e4ltnis gek\u00fcndigt wird.<\/p>\n<\/li>\n<li data-start=\"4022\" data-end=\"4209\">\n<p data-start=\"4024\" data-end=\"4209\">Bei Nichteinhaltung der \u00dcbernahme- und Abgabetermine und bei unsachgem\u00e4\u00dfer Behandlung des Fahrzeugs kann der Vermieter den Mietvertrag jederzeit mit einer Frist von drei Tagen k\u00fcndigen.<\/p>\n<\/li>\n<\/ul>\n<hr data-start=\"4211\" data-end=\"4214\">\n<p data-start=\"4216\" data-end=\"4648\"><strong data-start=\"4216\" data-end=\"4298\">8. Unterhalt \/ Vorgehen bei Defekten, Pannen und Unf\u00e4llen mit dem Mietfahrzeug<\/strong><br data-start=\"4298\" data-end=\"4301\">Alle Unterhaltsarbeiten werden durch die Autovermietung Glarnerland GmbH ausgef\u00fchrt.<br data-start=\"4385\" data-end=\"4388\">F\u00fcr die planm\u00e4\u00dfigen Unterhaltsarbeiten wie Service, Radwechsel wird der Mieter von der Autovermietung Glarnerland GmbH aufgeboten.<br data-start=\"4518\" data-end=\"4521\">Stellt der Mieter einen Defekt fest, ist er verpflichtet, umgehend mit der Autovermietung Glarnerland GmbH Kontakt aufzunehmen.<\/p>\n<ul data-start=\"4650\" data-end=\"4914\">\n<li data-start=\"4650\" data-end=\"4790\">\n<p data-start=\"4652\" data-end=\"4790\"><strong data-start=\"4652\" data-end=\"4667\">Pannenhilfe<\/strong>: Bei Pannen und Unf\u00e4llen, die die Weiterfahrt erschweren oder gef\u00e4hrden, ist umgehend die 24h-Pannenhilfe zu kontaktieren.<\/p>\n<\/li>\n<li data-start=\"4791\" data-end=\"4914\">\n<p data-start=\"4793\" data-end=\"4914\"><strong data-start=\"4793\" data-end=\"4812\">Unfallprotokoll<\/strong>: Bei jedem Unfall muss ein europ\u00e4isches Unfallprotokoll ausgef\u00fcllt werden (Formular ist im Fahrzeug).<\/p>\n<\/li>\n<\/ul>\n<hr data-start=\"4916\" data-end=\"4919\">\n<p data-start=\"4921\" data-end=\"5223\"><strong data-start=\"4921\" data-end=\"4943\">9. Betriebssch\u00e4den<\/strong><br data-start=\"4943\" data-end=\"4946\">Aufgrund von fahrl\u00e4ssiger Handhabung verursachte Betriebssch\u00e4den (z.B. selbst verursachte Reifensch\u00e4den, \u00fcberdurchschnittlicher Kupplungsverschlei\u00df) und die damit verbundenen Folgekosten sind nicht durch die Versicherung gedeckt und werden vollumf\u00e4nglich dem Mieter verrechnet.<\/p>\n<hr data-start=\"5225\" data-end=\"5228\">\n<p data-start=\"5230\" data-end=\"5379\"><strong data-start=\"5230\" data-end=\"5285\">10. Versicherungsleistungen und Haftung des Mieters<\/strong><br data-start=\"5285\" data-end=\"5288\">Grunds\u00e4tzlich gelten folgende Versicherungsleistungen f\u00fcr die Nutzung des Mietfahrzeuges:<\/p>\n<ul data-start=\"5380\" data-end=\"5614\">\n<li data-start=\"5380\" data-end=\"5614\">\n<p data-start=\"5382\" data-end=\"5614\">Selbstbehalt Vollkaskoversicherung pro Schadenfall CHF 1\u2019000. \u2013<br data-start=\"5445\" data-end=\"5448\">Der Mieter haftet in jedem Fall pers\u00f6nlich im Umfang des Selbstbehaltes, soweit der Schaden die vertragliche H\u00f6chstentsch\u00e4digung der Versicherung \u00fcbersteigt und mehr.<\/p>\n<\/li>\n<\/ul>\n<hr data-start=\"5616\" data-end=\"5619\">\n<p data-start=\"5621\" data-end=\"5850\"><strong data-start=\"5621\" data-end=\"5654\">11. Verkehrsregelverletzungen<\/strong><br data-start=\"5654\" data-end=\"5657\">Die Polizei meldet Verkehrsbussen und Verletzungen der Verkehrsregeln durch den Mieter immer an den Vermieter.<br data-start=\"5767\" data-end=\"5770\">Der Vermieter teilt der Polizei Name und Adresse des entsprechenden Mieters mit.<\/p>\n<hr data-start=\"5852\" data-end=\"5855\">\n<p data-start=\"5857\" data-end=\"6068\"><strong data-start=\"5857\" data-end=\"5893\">12. Adress- und Namens\u00e4nderungen<\/strong><br data-start=\"5893\" data-end=\"5896\">S\u00e4mtliche \u00c4nderungen gegen\u00fcber den im Vertrag gemachten Angaben (namentlich Namens- und Adress\u00e4nderungen) sind dem Vermieter innerhalb von f\u00fcnf Tagen schriftlich zu melden.<\/p>\n<hr data-start=\"6070\" data-end=\"6073\">\n<p data-start=\"6075\" data-end=\"6283\"><strong data-start=\"6075\" data-end=\"6091\">13. Eigentum<\/strong><br data-start=\"6091\" data-end=\"6094\">Das Fahrzeug ist Eigentum der Autovermietung Glarnerland GmbH. Es darf weder verkauft, vermietet, verpf\u00e4ndet oder verschenkt werden und der Mieter hat keinerlei Eigentumsrechte am Fahrzeug.<\/p>\n<hr data-start=\"6285\" data-end=\"6288\">\n<p data-start=\"6290\" data-end=\"6641\"><strong data-start=\"6290\" data-end=\"6317\">14. Sonstige Regelungen<\/strong><br data-start=\"6317\" data-end=\"6320\">Der Vermieter richtet sich bei der Verwaltung und Bearbeitung der personenbezogenen Daten nach den Vorschriften der Schweizer Datenschutzgesetzgebung.<br data-start=\"6470\" data-end=\"6473\">Das Fahrzeug ist mit der f\u00fcr Schweizer Autobahnen notwendigen Autobahnvignette versehen. Andere Geb\u00fchren wie Umweltpakete, Mautgeb\u00fchren, usw. sind vom Mieter zu tragen.<\/p>\n<ul data-start=\"6643\" data-end=\"6816\">\n<li data-start=\"6643\" data-end=\"6813\">\n<p data-start=\"6645\" data-end=\"6813\"><strong data-start=\"6645\" data-end=\"6663\">Ersatzfahrzeug<\/strong>: Bei Fahrzeugausfall, der nicht auf ein Verschulden des Mieters zur\u00fcckzuf\u00fchren ist, hat der Mieter ab dem zweiten Tag Anrecht auf ein Ersatzfahrzeug.<\/p>\n<\/li>\n<\/ul>\n<hr data-start=\"6817\" data-end=\"6820\">\n<p data-start=\"6822\" data-end=\"6960\"><strong data-start=\"6822\" data-end=\"6915\">Diese AGB und die gest\u00fctzt darauf geschlossenen Mietvertr\u00e4ge unterliegen Schweizer Recht.<\/strong><br data-start=\"6915\" data-end=\"6918\">Gerichtsstand ist der Sitz des Vermieters.<\/p>\t\t\t\t\t\t\t\t<\/div>\n\t\t\t\t<\/div>\n\t\t\t\t\t<\/div>\n\t\t\t\t<\/div>\n\t\t\t\t<\/div>","protected":false},"excerpt":{"rendered":"<p>AGB Allgemeine Gesch\u00e4ftsbedingungen Die nachstehenden erg\u00e4nzenden Gesch\u00e4ftsbedingungen dienen der klaren Regelung der gegenseitigen Beziehungen zwischen Kunde und der Autovermietung Glarnerland GmbH. Vorbehalten bleiben besondere Vereinbarungen und Usanzen. Zum besseren Verst\u00e4ndnis verzichtet die Autovermietung Glarnerland GmbH auf weiblich-m\u00e4nnliche Doppelformen. 1. Beginn und Ende des VertragesDie Nutzung beginnt und endet per genanntes Datum am Domizil des Vermieters.Es [&hellip;]<\/p>\n","protected":false},"author":1,"featured_media":0,"parent":0,"menu_order":0,"comment_status":"closed","ping_status":"closed","template":"","meta":{"site-sidebar-layout":"no-sidebar","site-content-layout":"page-builder","ast-site-content-layout":"full-width-container","site-content-style":"default","site-sidebar-style":"default","ast-global-header-display":"","ast-banner-title-visibility":"","ast-main-header-display":"","ast-hfb-above-header-display":"","ast-hfb-below-header-display":"","ast-hfb-mobile-header-display":"","site-post-title":"disabled","ast-breadcrumbs-content":"","ast-featured-img":"disabled","footer-sml-layout":"","ast-disable-related-posts":"","theme-transparent-header-meta":"","adv-header-id-meta":"","stick-header-meta":"","header-above-stick-meta":"","header-main-stick-meta":"","header-below-stick-meta":"","astra-migrate-meta-layouts":"default","ast-page-background-enabled":"default","ast-page-background-meta":{"desktop":{"background-color":"","background-image":"","background-repeat":"repeat","background-position":"center center","background-size":"auto","background-attachment":"scroll","background-type":"","background-media":"","overlay-type":"","overlay-color":"","overlay-opacity":"","overlay-gradient":""},"tablet":{"background-color":"","background-image":"","background-repeat":"repeat","background-position":"center center","background-size":"auto","background-attachment":"scroll","background-type":"","background-media":"","overlay-type":"","overlay-color":"","overlay-opacity":"","overlay-gradient":""},"mobile":{"background-color":"","background-image":"","background-repeat":"repeat","background-position":"center center","background-size":"auto","background-attachment":"scroll","background-type":"","background-media":"","overlay-type":"","overlay-color":"","overlay-opacity":"","overlay-gradient":""}},"ast-content-background-meta":{"desktop":{"background-color":"var(--ast-global-color-5)","background-image":"","background-repeat":"repeat","background-position":"center center","background-size":"auto","background-attachment":"scroll","background-type":"","background-media":"","overlay-type":"","overlay-color":"","overlay-opacity":"","overlay-gradient":""},"tablet":{"background-color":"var(--ast-global-color-5)","background-image":"","background-repeat":"repeat","background-position":"center center","background-size":"auto","background-attachment":"scroll","background-type":"","background-media":"","overlay-type":"","overlay-color":"","overlay-opacity":"","overlay-gradient":""},"mobile":{"background-color":"var(--ast-global-color-5)","background-image":"","background-repeat":"repeat","background-position":"center center","background-size":"auto","background-attachment":"scroll","background-type":"","background-media":"","overlay-type":"","overlay-color":"","overlay-opacity":"","overlay-gradient":""}},"footnotes":""},"class_list":["post-3725","page","type-page","status-publish","hentry"],"_links":{"self":[{"href":"https:\/\/autovermietung-glarnerland.ch\/en\/wp-json\/wp\/v2\/pages\/3725","targetHints":{"allow":["GET"]}}],"collection":[{"href":"https:\/\/autovermietung-glarnerland.ch\/en\/wp-json\/wp\/v2\/pages"}],"about":[{"href":"https:\/\/autovermietung-glarnerland.ch\/en\/wp-json\/wp\/v2\/types\/page"}],"author":[{"embeddable":true,"href":"https:\/\/autovermietung-glarnerland.ch\/en\/wp-json\/wp\/v2\/users\/1"}],"replies":[{"embeddable":true,"href":"https:\/\/autovermietung-glarnerland.ch\/en\/wp-json\/wp\/v2\/comments?post=3725"}],"version-history":[{"count":13,"href":"https:\/\/autovermietung-glarnerland.ch\/en\/wp-json\/wp\/v2\/pages\/3725\/revisions"}],"predecessor-version":[{"id":5040,"href":"https:\/\/autovermietung-glarnerland.ch\/en\/wp-json\/wp\/v2\/pages\/3725\/revisions\/5040"}],"wp:attachment":[{"href":"https:\/\/autovermietung-glarnerland.ch\/en\/wp-json\/wp\/v2\/media?parent=3725"}],"curies":[{"name":"wp","href":"https:\/\/api.w.org\/{rel}","templated":true}]}}