{"id":4244,"date":"2025-08-02T15:28:48","date_gmt":"2025-08-02T15:28:48","guid":{"rendered":"https:\/\/autovermietung-glarnerland.ch\/?page_id=4244"},"modified":"2025-08-03T21:57:23","modified_gmt":"2025-08-03T21:57:23","slug":"datenschutz","status":"publish","type":"page","link":"https:\/\/autovermietung-glarnerland.ch\/en\/datenschutz\/","title":{"rendered":"Datenschutz"},"content":{"rendered":"<div data-elementor-type=\"wp-page\" data-elementor-id=\"4244\" class=\"elementor elementor-4244\" data-elementor-post-type=\"page\">\n\t\t\t\t<div class=\"elementor-element elementor-element-5403bf4 e-flex e-con-boxed e-con e-parent\" data-id=\"5403bf4\" data-element_type=\"container\" data-e-type=\"container\" data-settings=\"{&quot;background_background&quot;:&quot;classic&quot;}\">\n\t\t\t\t\t<div class=\"e-con-inner\">\n\t\t\t\t<div class=\"elementor-element elementor-element-a16640a elementor-widget elementor-widget-heading\" data-id=\"a16640a\" data-element_type=\"widget\" data-e-type=\"widget\" data-widget_type=\"heading.default\">\n\t\t\t\t<div class=\"elementor-widget-container\">\n\t\t\t\t\t<h2 class=\"elementor-heading-title elementor-size-default\">Datenschutz<\/h2>\t\t\t\t<\/div>\n\t\t\t\t<\/div>\n\t\t\t\t\t<\/div>\n\t\t\t\t<\/div>\n\t\t<div class=\"elementor-element elementor-element-622b055 e-flex e-con-boxed e-con e-parent\" data-id=\"622b055\" data-element_type=\"container\" data-e-type=\"container\">\n\t\t\t\t\t<div class=\"e-con-inner\">\n\t\t\t\t<div class=\"elementor-element elementor-element-04879d7 elementor-widget elementor-widget-text-editor\" data-id=\"04879d7\" data-element_type=\"widget\" data-e-type=\"widget\" data-widget_type=\"text-editor.default\">\n\t\t\t\t<div class=\"elementor-widget-container\">\n\t\t\t\t\t\t\t\t\t<h3 data-start=\"265\" data-end=\"325\">Datenschutzerkl\u00e4rung f\u00fcr Autovermietung Glarnerland GmbH<\/h3><p data-start=\"327\" data-end=\"350\"><strong data-start=\"327\" data-end=\"350\">Allgemeiner Hinweis<\/strong><\/p><p data-start=\"352\" data-end=\"836\">Gest\u00fctzt auf Artikel 13 der schweizerischen Bundesverfassung und den datenschutzrechtlichen Bestimmungen des Bundes (Datenschutzgesetz, DSG) hat jede Person Anspruch auf Schutz ihrer Privatsph\u00e4re sowie auf Schutz vor Missbrauch ihrer pers\u00f6nlichen Daten. Die Betreiber dieser Seiten nehmen den Schutz Ihrer pers\u00f6nlichen Daten sehr ernst. Wir behandeln Ihre personenbezogenen Daten vertraulich und entsprechend der gesetzlichen Datenschutzvorschriften sowie dieser Datenschutzerkl\u00e4rung.<\/p><p data-start=\"838\" data-end=\"1010\">In Zusammenarbeit mit unseren Hosting-Providern bem\u00fchen wir uns, die Datenbanken so gut wie m\u00f6glich vor fremden Zugriffen, Verlusten, Missbrauch oder F\u00e4lschung zu sch\u00fctzen.<\/p><p data-start=\"1012\" data-end=\"1227\">Wir weisen darauf hin, dass die Daten\u00fcbertragung im Internet (z.B. bei der Kommunikation per E-Mail) Sicherheitsl\u00fccken aufweisen kann. Ein l\u00fcckenloser Schutz der Daten vor dem Zugriff durch Dritte ist nicht m\u00f6glich.<\/p><p data-start=\"1229\" data-end=\"1874\">Durch die Nutzung dieser Website erkl\u00e4ren Sie sich mit der Erhebung, Verarbeitung und Nutzung von Daten gem\u00e4\u00df der nachfolgenden Beschreibung einverstanden. Diese Website kann grunds\u00e4tzlich ohne Registrierung besucht werden. Dabei werden Daten wie beispielsweise aufgerufene Seiten bzw. Namen der abgerufenen Datei, Datum und Uhrzeit zu statistischen Zwecken auf dem Server gespeichert, ohne dass diese Daten unmittelbar auf Ihre Person bezogen werden. Personenbezogene Daten, insbesondere Name, Adresse oder E-Mail-Adresse werden soweit m\u00f6glich auf freiwilliger Basis erhoben. Ohne Ihre Einwilligung erfolgt keine Weitergabe der Daten an Dritte.<\/p><p data-start=\"1876\" data-end=\"1922\"><strong data-start=\"1876\" data-end=\"1922\">Verantwortlicher f\u00fcr die Datenverarbeitung<\/strong><\/p><p data-start=\"1924\" data-end=\"2030\">Der Verantwortliche f\u00fcr die Verarbeitung Ihrer personenbezogenen Daten im Sinne des Datenschutzrechts ist:<\/p><p data-start=\"2032\" data-end=\"2184\">Autovermietung Glarnerland GmbH<br data-start=\"2063\" data-end=\"2066\" \/>Sonnenh\u00fcgelstrasse 53,<br data-start=\"2088\" data-end=\"2091\" \/>8750 Glarus, Schweiz<br data-start=\"2111\" data-end=\"2114\" \/>Telefon: +41 78 874 42 20<br data-start=\"2139\" data-end=\"2142\" \/>E-Mail: <a class=\"cursor-pointer\" rel=\"noopener\" data-start=\"2150\" data-end=\"2184\">info@autovermietung-glarnerland.ch<\/a><\/p><p data-start=\"2186\" data-end=\"2219\"><strong data-start=\"2186\" data-end=\"2219\">Bearbeitung von Personendaten<\/strong><\/p><p data-start=\"2221\" data-end=\"2579\">Personendaten sind alle Angaben, die sich auf eine bestimmte oder bestimmbare Person beziehen. Eine betroffene Person ist eine Person, \u00fcber die Personendaten bearbeitet werden. Bearbeiten umfasst jeden Umgang mit Personendaten, insbesondere das Aufbewahren, Bekanntgeben, Beschaffen, L\u00f6schen, Speichern, Ver\u00e4ndern, Vernichten und Verwenden von Personendaten.<\/p><p data-start=\"2581\" data-end=\"2753\">Wir bearbeiten Personendaten im Einklang mit dem schweizerischen Datenschutzrecht und \u2013 soweit und sofern die EU-DSGVO anwendbar ist \u2013 gem\u00e4\u00df den folgenden Rechtsgrundlagen:<\/p><ul data-start=\"2755\" data-end=\"3011\"><li data-start=\"2755\" data-end=\"2841\"><p data-start=\"2757\" data-end=\"2841\"><strong data-start=\"2757\" data-end=\"2788\">Art. 6 Abs. 1 lit. a) DSGVO<\/strong>: Bearbeitung mit Einwilligung der betroffenen Person<\/p><\/li><li data-start=\"2842\" data-end=\"2918\"><p data-start=\"2844\" data-end=\"2918\"><strong data-start=\"2844\" data-end=\"2875\">Art. 6 Abs. 1 lit. b) DSGVO<\/strong>: Bearbeitung zur Erf\u00fcllung eines Vertrages<\/p><\/li><li data-start=\"2919\" data-end=\"3011\"><p data-start=\"2921\" data-end=\"3011\"><strong data-start=\"2921\" data-end=\"2952\">Art. 6 Abs. 1 lit. c) DSGVO<\/strong>: Bearbeitung zur Erf\u00fcllung einer rechtlichen Verpflichtung<\/p><\/li><\/ul><p data-start=\"3013\" data-end=\"3045\"><strong data-start=\"3013\" data-end=\"3045\">Zwecke der Datenverarbeitung<\/strong><\/p><ul data-start=\"3047\" data-end=\"3256\"><li data-start=\"3047\" data-end=\"3105\"><p data-start=\"3049\" data-end=\"3105\">Zur Abwicklung von Fahrzeugbuchungen und -reservierungen<\/p><\/li><li data-start=\"3106\" data-end=\"3176\"><p data-start=\"3108\" data-end=\"3176\">Zur Kommunikation mit Ihnen bez\u00fcglich Ihrer Buchung und bei Anfragen<\/p><\/li><li data-start=\"3177\" data-end=\"3256\"><p data-start=\"3179\" data-end=\"3256\">Zur Verbesserung unseres Services und zur Analyse der Nutzung unserer Website<\/p><\/li><\/ul><p data-start=\"3258\" data-end=\"3294\"><strong data-start=\"3258\" data-end=\"3294\">Datenschutzerkl\u00e4rung f\u00fcr Cookies<\/strong><\/p><p data-start=\"3296\" data-end=\"3952\">Diese Website verwendet Cookies. Das sind kleine Textdateien, die es erm\u00f6glichen, auf dem Endger\u00e4t des Nutzers spezifische, auf den Nutzer bezogene Informationen zu speichern, w\u00e4hrend er die Website nutzt. Cookies erm\u00f6glichen es, insbesondere Nutzungsh\u00e4ufigkeit und Nutzeranzahl der Seiten zu ermitteln, Verhaltensweisen der Seitennutzung zu analysieren, aber auch unser Angebot kundenfreundlicher zu gestalten. Cookies bleiben \u00fcber das Ende einer Browser-Sitzung gespeichert und k\u00f6nnen bei einem erneuten Seitenbesuch wieder abgerufen werden. Wenn Sie dies nicht w\u00fcnschen, k\u00f6nnen Sie die Annahme von Cookies in den Einstellungen Ihres Browsers verweigern.<\/p><p data-start=\"3954\" data-end=\"4332\">Ein genereller Widerspruch gegen den Einsatz der zu Zwecken des Onlinemarketing eingesetzten Cookies kann bei einer Vielzahl der Dienste, vor allem im Fall des Trackings, \u00fcber die US-amerikanische Seite <a class=\"\" href=\"http:\/\/www.aboutads.info\/choices\/\" target=\"_new\" rel=\"noopener\" data-start=\"4157\" data-end=\"4227\">http:\/\/www.aboutads.info\/choices\/<\/a> oder die EU-Seite <a class=\"\" href=\"http:\/\/www.youronlinechoices.com\/\" target=\"_new\" rel=\"noopener\" data-start=\"4246\" data-end=\"4316\">http:\/\/www.youronlinechoices.com\/<\/a> erkl\u00e4rt werden.<\/p><p data-start=\"4334\" data-end=\"4387\"><strong data-start=\"4334\" data-end=\"4387\">Datenschutzerkl\u00e4rung f\u00fcr SSL-\/TLS-Verschl\u00fcsselung<\/strong><\/p><p data-start=\"4389\" data-end=\"4766\">Diese Website nutzt aus Gr\u00fcnden der Sicherheit und zum Schutz der \u00dcbertragung vertraulicher Inhalte, wie zum Beispiel der Anfragen, die Sie an uns als Seitenbetreiber senden, eine SSL-\/TLS-Verschl\u00fcsselung. Eine verschl\u00fcsselte Verbindung erkennen Sie daran, dass die Adresszeile des Browsers von \u201chttp:\/\/\u201d auf \u201chttps:\/\/\u201d wechselt und an dem Schloss-Symbol in Ihrer Browserzeile.<\/p><p data-start=\"4768\" data-end=\"4830\"><strong data-start=\"4768\" data-end=\"4830\">Datenschutzerkl\u00e4rung f\u00fcr Google Analytics und Google Fonts<\/strong><\/p><p data-start=\"4832\" data-end=\"5012\">Diese Website nutzt <strong data-start=\"4852\" data-end=\"4872\">Google Analytics<\/strong> zur Analyse der Websitenutzung und zur Verbesserung des Angebots. Weitere Informationen finden Sie in der Datenschutzerkl\u00e4rung von Google.<\/p><p data-start=\"5014\" data-end=\"5098\">Wir nutzen au\u00dferdem <strong data-start=\"5034\" data-end=\"5054\">Google Web Fonts<\/strong>, um Schriftarten einheitlich darzustellen.<\/p><p data-start=\"5100\" data-end=\"5133\"><strong data-start=\"5100\" data-end=\"5133\">Rechte der betroffenen Person<\/strong><\/p><p data-start=\"5135\" data-end=\"5171\">Betroffene Personen haben das Recht:<\/p><ul data-start=\"5173\" data-end=\"5497\"><li data-start=\"5173\" data-end=\"5217\"><p data-start=\"5175\" data-end=\"5217\"><strong data-start=\"5175\" data-end=\"5187\">Auskunft<\/strong>: \u00fcber die gespeicherten Daten<\/p><\/li><li data-start=\"5218\" data-end=\"5255\"><p data-start=\"5220\" data-end=\"5255\"><strong data-start=\"5220\" data-end=\"5236\">Berichtigung<\/strong>: unrichtiger Daten<\/p><\/li><li data-start=\"5256\" data-end=\"5329\"><p data-start=\"5258\" data-end=\"5329\"><strong data-start=\"5258\" data-end=\"5270\">L\u00f6schung<\/strong>: ihrer personenbezogenen Daten (Recht auf Vergessenwerden)<\/p><\/li><li data-start=\"5330\" data-end=\"5383\"><p data-start=\"5332\" data-end=\"5383\"><strong data-start=\"5332\" data-end=\"5347\">Widerspruch<\/strong>: gegen die Verarbeitung ihrer Daten<\/p><\/li><li data-start=\"5384\" data-end=\"5497\"><p data-start=\"5386\" data-end=\"5497\"><strong data-start=\"5386\" data-end=\"5410\">Daten\u00fcbertragbarkeit<\/strong>: ihre Daten in einem strukturierten, g\u00e4ngigen und maschinenlesbaren Format zu erhalten<\/p><\/li><\/ul><p data-start=\"5499\" data-end=\"5538\"><strong data-start=\"5499\" data-end=\"5538\">\u00c4nderungen der Datenschutzerkl\u00e4rung<\/strong><\/p><p data-start=\"5540\" data-end=\"5767\">Wir behalten uns vor, diese Datenschutzerkl\u00e4rung jederzeit zu \u00e4ndern, um sie an neue gesetzliche Anforderungen oder \u00c4nderungen unserer Dienstleistungen anzupassen. Die jeweils aktuelle Version ist auf unserer Website einsehbar.<\/p><p data-start=\"5769\" data-end=\"5780\"><strong data-start=\"5769\" data-end=\"5780\">Kontakt<\/strong><\/p><p data-start=\"5782\" data-end=\"5849\">Bei Fragen zum Datenschutz k\u00f6nnen Sie sich jederzeit an uns wenden:<\/p><p data-start=\"5851\" data-end=\"6003\">Autovermietung Glarnerland GmbH<br data-start=\"5882\" data-end=\"5885\" \/>Sonnenh\u00fcgelstrasse 53,<br data-start=\"5907\" data-end=\"5910\" \/>8750 Glarus, Schweiz<br data-start=\"5930\" data-end=\"5933\" \/>Telefon: +41 78 874 42 20<br data-start=\"5958\" data-end=\"5961\" \/>E-Mail: <a class=\"cursor-pointer\" rel=\"noopener\" data-start=\"5969\" data-end=\"6003\">info@autovermietung-glarnerland.ch<\/a><\/p>\t\t\t\t\t\t\t\t<\/div>\n\t\t\t\t<\/div>\n\t\t\t\t\t<\/div>\n\t\t\t\t<\/div>\n\t\t\t\t<\/div>","protected":false},"excerpt":{"rendered":"<p>Datenschutz Datenschutzerkl\u00e4rung f\u00fcr Autovermietung Glarnerland GmbH Allgemeiner Hinweis Gest\u00fctzt auf Artikel 13 der schweizerischen Bundesverfassung und den datenschutzrechtlichen Bestimmungen des Bundes (Datenschutzgesetz, DSG) hat jede Person Anspruch auf Schutz ihrer Privatsph\u00e4re sowie auf Schutz vor Missbrauch ihrer pers\u00f6nlichen Daten. Die Betreiber dieser Seiten nehmen den Schutz Ihrer pers\u00f6nlichen Daten sehr ernst. Wir behandeln Ihre personenbezogenen [&hellip;]<\/p>\n","protected":false},"author":1,"featured_media":0,"parent":0,"menu_order":0,"comment_status":"closed","ping_status":"closed","template":"","meta":{"site-sidebar-layout":"no-sidebar","site-content-layout":"page-builder","ast-site-content-layout":"full-width-container","site-content-style":"default","site-sidebar-style":"default","ast-global-header-display":"","ast-banner-title-visibility":"","ast-main-header-display":"","ast-hfb-above-header-display":"","ast-hfb-below-header-display":"","ast-hfb-mobile-header-display":"","site-post-title":"disabled","ast-breadcrumbs-content":"","ast-featured-img":"disabled","footer-sml-layout":"","ast-disable-related-posts":"","theme-transparent-header-meta":"","adv-header-id-meta":"","stick-header-meta":"","header-above-stick-meta":"","header-main-stick-meta":"","header-below-stick-meta":"","astra-migrate-meta-layouts":"set","ast-page-background-enabled":"default","ast-page-background-meta":{"desktop":{"background-color":"","background-image":"","background-repeat":"repeat","background-position":"center center","background-size":"auto","background-attachment":"scroll","background-type":"","background-media":"","overlay-type":"","overlay-color":"","overlay-opacity":"","overlay-gradient":""},"tablet":{"background-color":"","background-image":"","background-repeat":"repeat","background-position":"center center","background-size":"auto","background-attachment":"scroll","background-type":"","background-media":"","overlay-type":"","overlay-color":"","overlay-opacity":"","overlay-gradient":""},"mobile":{"background-color":"","background-image":"","background-repeat":"repeat","background-position":"center center","background-size":"auto","background-attachment":"scroll","background-type":"","background-media":"","overlay-type":"","overlay-color":"","overlay-opacity":"","overlay-gradient":""}},"ast-content-background-meta":{"desktop":{"background-color":"var(--ast-global-color-5)","background-image":"","background-repeat":"repeat","background-position":"center center","background-size":"auto","background-attachment":"scroll","background-type":"","background-media":"","overlay-type":"","overlay-color":"","overlay-opacity":"","overlay-gradient":""},"tablet":{"background-color":"var(--ast-global-color-5)","background-image":"","background-repeat":"repeat","background-position":"center center","background-size":"auto","background-attachment":"scroll","background-type":"","background-media":"","overlay-type":"","overlay-color":"","overlay-opacity":"","overlay-gradient":""},"mobile":{"background-color":"var(--ast-global-color-5)","background-image":"","background-repeat":"repeat","background-position":"center center","background-size":"auto","background-attachment":"scroll","background-type":"","background-media":"","overlay-type":"","overlay-color":"","overlay-opacity":"","overlay-gradient":""}},"footnotes":""},"class_list":["post-4244","page","type-page","status-publish","hentry"],"_links":{"self":[{"href":"https:\/\/autovermietung-glarnerland.ch\/en\/wp-json\/wp\/v2\/pages\/4244","targetHints":{"allow":["GET"]}}],"collection":[{"href":"https:\/\/autovermietung-glarnerland.ch\/en\/wp-json\/wp\/v2\/pages"}],"about":[{"href":"https:\/\/autovermietung-glarnerland.ch\/en\/wp-json\/wp\/v2\/types\/page"}],"author":[{"embeddable":true,"href":"https:\/\/autovermietung-glarnerland.ch\/en\/wp-json\/wp\/v2\/users\/1"}],"replies":[{"embeddable":true,"href":"https:\/\/autovermietung-glarnerland.ch\/en\/wp-json\/wp\/v2\/comments?post=4244"}],"version-history":[{"count":23,"href":"https:\/\/autovermietung-glarnerland.ch\/en\/wp-json\/wp\/v2\/pages\/4244\/revisions"}],"predecessor-version":[{"id":4520,"href":"https:\/\/autovermietung-glarnerland.ch\/en\/wp-json\/wp\/v2\/pages\/4244\/revisions\/4520"}],"wp:attachment":[{"href":"https:\/\/autovermietung-glarnerland.ch\/en\/wp-json\/wp\/v2\/media?parent=4244"}],"curies":[{"name":"wp","href":"https:\/\/api.w.org\/{rel}","templated":true}]}}