{"id":4479,"date":"2025-08-03T21:50:37","date_gmt":"2025-08-03T21:50:37","guid":{"rendered":"https:\/\/autovermietung-glarnerland.ch\/?page_id=4479"},"modified":"2025-08-21T17:28:42","modified_gmt":"2025-08-21T17:28:42","slug":"impressum","status":"publish","type":"page","link":"https:\/\/autovermietung-glarnerland.ch\/en\/impressum\/","title":{"rendered":"Impressum"},"content":{"rendered":"<div data-elementor-type=\"wp-page\" data-elementor-id=\"4479\" class=\"elementor elementor-4479\" data-elementor-post-type=\"page\">\n\t\t\t\t<div class=\"elementor-element elementor-element-0c1a0ba e-flex e-con-boxed e-con e-parent\" data-id=\"0c1a0ba\" data-element_type=\"container\" data-e-type=\"container\" data-settings=\"{&quot;background_background&quot;:&quot;classic&quot;}\">\n\t\t\t\t\t<div class=\"e-con-inner\">\n\t\t\t\t<div class=\"elementor-element elementor-element-13ff080 elementor-widget elementor-widget-heading\" data-id=\"13ff080\" data-element_type=\"widget\" data-e-type=\"widget\" data-widget_type=\"heading.default\">\n\t\t\t\t<div class=\"elementor-widget-container\">\n\t\t\t\t\t<h2 class=\"elementor-heading-title elementor-size-default\">Impressum<\/h2>\t\t\t\t<\/div>\n\t\t\t\t<\/div>\n\t\t\t\t\t<\/div>\n\t\t\t\t<\/div>\n\t\t<div class=\"elementor-element elementor-element-c3596c9 e-flex e-con-boxed e-con e-parent\" data-id=\"c3596c9\" data-element_type=\"container\" data-e-type=\"container\">\n\t\t\t\t\t<div class=\"e-con-inner\">\n\t\t\t\t<div class=\"elementor-element elementor-element-e1ec1c6 elementor-widget elementor-widget-text-editor\" data-id=\"e1ec1c6\" data-element_type=\"widget\" data-e-type=\"widget\" data-widget_type=\"text-editor.default\">\n\t\t\t\t<div class=\"elementor-widget-container\">\n\t\t\t\t\t\t\t\t\t<p data-start=\"55\" data-end=\"68\"><strong data-start=\"55\" data-end=\"68\">Impressum<\/strong><\/p><p data-start=\"70\" data-end=\"153\"><strong data-start=\"70\" data-end=\"105\">Autovermietung Glarnerland GmbH<\/strong><br data-start=\"105\" data-end=\"108\" \/>Sonnenh\u00fcgelstrasse 53<br data-start=\"129\" data-end=\"132\" \/>8750 Glarus<br data-start=\"143\" data-end=\"146\" \/>Schweiz<\/p><p data-start=\"155\" data-end=\"233\"><strong data-start=\"155\" data-end=\"166\">Telefon<\/strong>: +41 78 874 42 20<br data-start=\"184\" data-end=\"187\" \/><strong data-start=\"187\" data-end=\"197\">E-Mail<\/strong>: <a class=\"decorated-link cursor-pointer\" rel=\"noopener\" data-start=\"199\" data-end=\"233\">info@autovermietung-glarnerland.ch<\/a><\/p><p data-start=\"235\" data-end=\"297\"><strong data-start=\"235\" data-end=\"278\">Vertretungsberechtigte Gesch\u00e4ftsf\u00fchrung<\/strong>:<br data-start=\"279\" data-end=\"282\" \/>Blendi Ramadani<\/p><p data-start=\"299\" data-end=\"420\"><strong data-start=\"299\" data-end=\"325\">Handelsregistereintrag<\/strong>:<br data-start=\"326\" data-end=\"329\" \/>Eingetragen im Handelsregister des Kantons Glarus<br data-start=\"378\" data-end=\"381\" \/>Handelsregister-Nr.: CH-160.4.007.515-3<\/p><p data-start=\"422\" data-end=\"484\"><strong data-start=\"422\" data-end=\"436\">Rechtsform<\/strong>:<br data-start=\"437\" data-end=\"440\" \/>Gesellschaft mit beschr\u00e4nkter Haftung (GmbH)<\/p><p data-start=\"486\" data-end=\"512\"><strong data-start=\"486\" data-end=\"493\">UID<\/strong>:<br data-start=\"494\" data-end=\"497\" \/>CHE-176.864.476<\/p><p data-start=\"514\" data-end=\"671\"><strong data-start=\"514\" data-end=\"545\">Zust\u00e4ndige Aufsichtsbeh\u00f6rde<\/strong>:<br data-start=\"546\" data-end=\"549\" \/>Kantonale Aufsichtsbeh\u00f6rde des Kanton Glarus (oder spezifische Aufsichtsbeh\u00f6rde je nach Gesch\u00e4ftsfeld, z.B. Handelskammer)<\/p><p data-start=\"673\" data-end=\"1016\"><strong data-start=\"673\" data-end=\"695\">Haftungsausschluss<\/strong>:<br data-start=\"696\" data-end=\"699\" \/>Die Autovermietung Glarnerland GmbH \u00fcbernimmt keine Haftung f\u00fcr die Vollst\u00e4ndigkeit, Richtigkeit und Aktualit\u00e4t der auf dieser Website bereitgestellten Informationen. Alle Inhalte dieser Website werden mit gr\u00f6\u00dfter Sorgfalt erstellt. F\u00fcr externe Links \u00fcbernimmt die Autovermietung Glarnerland GmbH keine Verantwortung.<\/p>\t\t\t\t\t\t\t\t<\/div>\n\t\t\t\t<\/div>\n\t\t\t\t\t<\/div>\n\t\t\t\t<\/div>\n\t\t\t\t<\/div>","protected":false},"excerpt":{"rendered":"<p>Impressum Impressum Autovermietung Glarnerland GmbHSonnenh\u00fcgelstrasse 538750 GlarusSchweiz Telefon: +41 78 874 42 20E-Mail: info@autovermietung-glarnerland.ch Vertretungsberechtigte Gesch\u00e4ftsf\u00fchrung:Blendi Ramadani Handelsregistereintrag:Eingetragen im Handelsregister des Kantons GlarusHandelsregister-Nr.: CH-160.4.007.515-3 Rechtsform:Gesellschaft mit beschr\u00e4nkter Haftung (GmbH) UID:CHE-176.864.476 Zust\u00e4ndige Aufsichtsbeh\u00f6rde:Kantonale Aufsichtsbeh\u00f6rde des Kanton Glarus (oder spezifische Aufsichtsbeh\u00f6rde je nach Gesch\u00e4ftsfeld, z.B. Handelskammer) Haftungsausschluss:Die Autovermietung Glarnerland GmbH \u00fcbernimmt keine Haftung f\u00fcr die Vollst\u00e4ndigkeit, Richtigkeit [&hellip;]<\/p>\n","protected":false},"author":1,"featured_media":0,"parent":0,"menu_order":0,"comment_status":"closed","ping_status":"closed","template":"","meta":{"site-sidebar-layout":"no-sidebar","site-content-layout":"page-builder","ast-site-content-layout":"full-width-container","site-content-style":"default","site-sidebar-style":"default","ast-global-header-display":"","ast-banner-title-visibility":"","ast-main-header-display":"","ast-hfb-above-header-display":"","ast-hfb-below-header-display":"","ast-hfb-mobile-header-display":"","site-post-title":"disabled","ast-breadcrumbs-content":"","ast-featured-img":"disabled","footer-sml-layout":"","ast-disable-related-posts":"","theme-transparent-header-meta":"","adv-header-id-meta":"","stick-header-meta":"","header-above-stick-meta":"","header-main-stick-meta":"","header-below-stick-meta":"","astra-migrate-meta-layouts":"set","ast-page-background-enabled":"default","ast-page-background-meta":{"desktop":{"background-color":"","background-image":"","background-repeat":"repeat","background-position":"center center","background-size":"auto","background-attachment":"scroll","background-type":"","background-media":"","overlay-type":"","overlay-color":"","overlay-opacity":"","overlay-gradient":""},"tablet":{"background-color":"","background-image":"","background-repeat":"repeat","background-position":"center center","background-size":"auto","background-attachment":"scroll","background-type":"","background-media":"","overlay-type":"","overlay-color":"","overlay-opacity":"","overlay-gradient":""},"mobile":{"background-color":"","background-image":"","background-repeat":"repeat","background-position":"center center","background-size":"auto","background-attachment":"scroll","background-type":"","background-media":"","overlay-type":"","overlay-color":"","overlay-opacity":"","overlay-gradient":""}},"ast-content-background-meta":{"desktop":{"background-color":"var(--ast-global-color-5)","background-image":"","background-repeat":"repeat","background-position":"center center","background-size":"auto","background-attachment":"scroll","background-type":"","background-media":"","overlay-type":"","overlay-color":"","overlay-opacity":"","overlay-gradient":""},"tablet":{"background-color":"var(--ast-global-color-5)","background-image":"","background-repeat":"repeat","background-position":"center center","background-size":"auto","background-attachment":"scroll","background-type":"","background-media":"","overlay-type":"","overlay-color":"","overlay-opacity":"","overlay-gradient":""},"mobile":{"background-color":"var(--ast-global-color-5)","background-image":"","background-repeat":"repeat","background-position":"center center","background-size":"auto","background-attachment":"scroll","background-type":"","background-media":"","overlay-type":"","overlay-color":"","overlay-opacity":"","overlay-gradient":""}},"footnotes":""},"class_list":["post-4479","page","type-page","status-publish","hentry"],"_links":{"self":[{"href":"https:\/\/autovermietung-glarnerland.ch\/en\/wp-json\/wp\/v2\/pages\/4479","targetHints":{"allow":["GET"]}}],"collection":[{"href":"https:\/\/autovermietung-glarnerland.ch\/en\/wp-json\/wp\/v2\/pages"}],"about":[{"href":"https:\/\/autovermietung-glarnerland.ch\/en\/wp-json\/wp\/v2\/types\/page"}],"author":[{"embeddable":true,"href":"https:\/\/autovermietung-glarnerland.ch\/en\/wp-json\/wp\/v2\/users\/1"}],"replies":[{"embeddable":true,"href":"https:\/\/autovermietung-glarnerland.ch\/en\/wp-json\/wp\/v2\/comments?post=4479"}],"version-history":[{"count":41,"href":"https:\/\/autovermietung-glarnerland.ch\/en\/wp-json\/wp\/v2\/pages\/4479\/revisions"}],"predecessor-version":[{"id":5057,"href":"https:\/\/autovermietung-glarnerland.ch\/en\/wp-json\/wp\/v2\/pages\/4479\/revisions\/5057"}],"wp:attachment":[{"href":"https:\/\/autovermietung-glarnerland.ch\/en\/wp-json\/wp\/v2\/media?parent=4479"}],"curies":[{"name":"wp","href":"https:\/\/api.w.org\/{rel}","templated":true}]}}